{"id":15719,"date":"2024-03-04T14:14:00","date_gmt":"2024-03-04T14:14:00","guid":{"rendered":"https:\/\/staging-1.sunfun.si\/?page_id=15719"},"modified":"2024-03-04T16:14:10","modified_gmt":"2024-03-04T16:14:10","slug":"home","status":"publish","type":"page","link":"https:\/\/staging-1.sunfun.si\/","title":{"rendered":"HOME"},"content":{"rendered":"<link rel=\"stylesheet\" id=\"wd-swiper-css\" href=\"https:\/\/staging-1.sunfun.si\/wp-content\/themes\/woodmart\/css\/parts\/lib-swiper.min.css?ver=7.4.3\" type=\"text\/css\" media=\"all\" \/> \t\t\t\t\t\t<link rel=\"stylesheet\" id=\"wd-slider-css\" href=\"https:\/\/staging-1.sunfun.si\/wp-content\/themes\/woodmart\/css\/parts\/el-slider.min.css?ver=7.4.3\" type=\"text\/css\" media=\"all\" \/> \t\t\t\t\t\t<link rel=\"stylesheet\" id=\"xts-style-term-105-css\" href=\"https:\/\/staging-1.sunfun.si\/wp-content\/uploads\/2024\/03\/xts-term-105-1709568749.css?ver=7.4.3\" type=\"text\/css\" media=\"all\">\n<style>\t\t\t\t\t\t\t#slide-15722 .wd-slide-container {\n\t\t\t\t\t\t\t\t\t\t--wd-align-items: center;\n\t\t\t\t\t\t\t\t\t\t\t\t\t\t\t--wd-justify-content: left;\n\t\t\t\t\t\t\t\t\t}\n\t\t\t\t\t\t\t\t#slide-15722.woodmart-loaded .wd-slide-bg {\n\t\t\t\tbackground-image:url(https:\/\/staging-1.sunfun.si\/wp-content\/uploads\/2024\/03\/Untitled-design-1.png);\t\t\t\t}\n\t\t\t\t#slide-15722 .wd-slide-bg {\n\t\t\t\tbackground-color:#fefefe;\t\t\t\tbackground-size:cover;\n\t\t\t\t\t\t\t\t\t\tbackground-position:center center;\t\t\t\t\t\t\t\t\t}\n\t\t\t\t\t\t\t\t\t#slide-15722 .wd-slide-inner {\n\t\t\t\t\t\tmax-width:1200px;\t\t\t\t\t}\n\t\t\t\t@media (max-width: 1024px) {\n\t\t\t\t\t\t\t\t\t\t#slide-15722 .wd-slide-inner {\n\t\t\t\t\t\t\tmax-width:1200px;\t\t\t\t\t\t}\n\t\t\t\t\t#slide-15722 .wd-slide-bg {\n\t\t\t\t\t\t\t\t\t\t\t\t\t\t\t\t\t\t\t\t\t\t\t}\n\t\t\t\t}\n\t\t\t\t@media (max-width: 767px) {\n\t\t\t\t\t\t\t\t\t\t#slide-15722 .wd-slide-inner {\n\t\t\t\t\t\t\tmax-width:500px;\t\t\t\t\t\t}\n\t\t\t\t\t#slide-15722 .wd-slide-bg {\n\t\t\t\t\t\t\t\t\t\t\t\t\t\t\t\t\t\t\t\t\t\t\t}\n\t\t\t\t}\n\t\t\t\t\t\t\t\t<\/style>\n<style>.elementor-15722 .elementor-element.elementor-element-1ac11c1{--display:flex;--flex-direction:row;--container-widget-width:initial;--container-widget-height:100%;--container-widget-flex-grow:1;--container-widget-align-self:stretch;--gap:0px 0px;--background-transition:0.3s;}.elementor-15722 .elementor-element.elementor-element-5b955e3{--display:flex;--flex-direction:column;--container-widget-width:100%;--container-widget-height:initial;--container-widget-flex-grow:0;--container-widget-align-self:initial;--background-transition:0.3s;}.elementor-15722 .elementor-element.elementor-element-e15d4e7 .wd-text-block{font-family:\"Poppins\", Sans-serif;font-size:18px;font-weight:500;}.elementor-15722 .elementor-element.elementor-element-7a6dfcb .wd-text-block{font-family:\"Poppins\", Sans-serif;font-size:26px;font-weight:900;}.elementor-15722 .elementor-element.elementor-element-7567867 .wd-text-block{max-width:700px;font-family:\"Poppins\", Sans-serif;font-weight:500;}.elementor-15722 .elementor-element.elementor-element-693cca5{--display:flex;--flex-direction:column;--container-widget-width:100%;--container-widget-height:initial;--container-widget-flex-grow:0;--container-widget-align-self:initial;--background-transition:0.3s;}@media(min-width:768px){.elementor-15722 .elementor-element.elementor-element-5b955e3{--width:65%;}.elementor-15722 .elementor-element.elementor-element-693cca5{--width:35%;}}<\/style>\n<link rel=\"stylesheet\" id=\"wd-animations-css\" href=\"https:\/\/staging-1.sunfun.si\/wp-content\/themes\/woodmart\/css\/parts\/mod-animations-transform.min.css?ver=7.4.3\" type=\"text\/css\" media=\"all\" \/>\n\t\t\t\t\t\t<link rel=\"stylesheet\" id=\"wd-text-block-css\" href=\"https:\/\/staging-1.sunfun.si\/wp-content\/themes\/woodmart\/css\/parts\/el-text-block.min.css?ver=7.4.3\" type=\"text\/css\" media=\"all\" \/>\n<p>\u0160OTORI ZA VSE PRILO\u017dNOSTI<\/p>\n<p>Prelistajte katalog s \u0161iroko ponudbo \u0161otorov.<\/p>\n<p>V ponudbi najdete vse od hitro postavljivih \u0161otorov, \u0161otorov za dve osebi pa vse do najve\u010djih dru\u017einskih \u0161otorov, ki bodo primerni za vsako prilo\u017enost.<\/p>\n<p>\t\t\t<a  href=\"https:\/\/staging-1.sunfun.si\/index.php\/shop\/\"><br \/>\n\t\t\t\t\tNAKUP<br \/>\n\t\t\t\t\t\t\t<\/a>\n\t\t\t\t\t\t\t\t\t\t\t\t<link rel=\"stylesheet\" id=\"wd-swiper-arrows-css\" href=\"https:\/\/staging-1.sunfun.si\/wp-content\/themes\/woodmart\/css\/parts\/lib-swiper-arrows.min.css?ver=7.4.3\" type=\"text\/css\" media=\"all\" \/>\n\t\t\t\t\t\t\t\t\t\t<link rel=\"stylesheet\" id=\"wd-swiper-pagin-css\" href=\"https:\/\/staging-1.sunfun.si\/wp-content\/themes\/woodmart\/css\/parts\/lib-swiper-pagin.min.css?ver=7.4.3\" type=\"text\/css\" media=\"all\" \/>\n<ul><\/ul>\n","protected":false},"excerpt":{"rendered":"<p>\u0160OTORI ZA VSE PRILO\u017dNOSTI Prelistajte katalog s \u0161iroko ponudbo \u0161otorov. V ponudbi najdete vse od hitro postavljivih \u0161otorov, \u0161otorov za [&hellip;]<\/p>\n","protected":false},"author":1,"featured_media":0,"parent":0,"menu_order":0,"comment_status":"closed","ping_status":"closed","template":"","meta":{"site-sidebar-layout":"default","site-content-layout":"","ast-site-content-layout":"","site-content-style":"default","site-sidebar-style":"default","ast-global-header-display":"","ast-banner-title-visibility":"","ast-main-header-display":"","ast-hfb-above-header-display":"","ast-hfb-below-header-display":"","ast-hfb-mobile-header-display":"","site-post-title":"","ast-breadcrumbs-content":"","ast-featured-img":"","footer-sml-layout":"","theme-transparent-header-meta":"","adv-header-id-meta":"","stick-header-meta":"","header-above-stick-meta":"","header-main-stick-meta":"","header-below-stick-meta":"","astra-migrate-meta-layouts":"default","ast-page-background-enabled":"default","ast-page-background-meta":{"desktop":{"background-color":"var(--ast-global-color-4)","background-image":"","background-repeat":"repeat","background-position":"center center","background-size":"auto","background-attachment":"scroll","background-type":"","background-media":"","overlay-type":"","overlay-color":"","overlay-gradient":""},"tablet":{"background-color":"","background-image":"","background-repeat":"repeat","background-position":"center center","background-size":"auto","background-attachment":"scroll","background-type":"","background-media":"","overlay-type":"","overlay-color":"","overlay-gradient":""},"mobile":{"background-color":"","background-image":"","background-repeat":"repeat","background-position":"center center","background-size":"auto","background-attachment":"scroll","background-type":"","background-media":"","overlay-type":"","overlay-color":"","overlay-gradient":""}},"ast-content-background-meta":{"desktop":{"background-color":"var(--ast-global-color-5)","background-image":"","background-repeat":"repeat","background-position":"center center","background-size":"auto","background-attachment":"scroll","background-type":"","background-media":"","overlay-type":"","overlay-color":"","overlay-gradient":""},"tablet":{"background-color":"var(--ast-global-color-5)","background-image":"","background-repeat":"repeat","background-position":"center center","background-size":"auto","background-attachment":"scroll","background-type":"","background-media":"","overlay-type":"","overlay-color":"","overlay-gradient":""},"mobile":{"background-color":"var(--ast-global-color-5)","background-image":"","background-repeat":"repeat","background-position":"center center","background-size":"auto","background-attachment":"scroll","background-type":"","background-media":"","overlay-type":"","overlay-color":"","overlay-gradient":""}},"footnotes":""},"class_list":["post-15719","page","type-page","status-publish","hentry"],"_links":{"self":[{"href":"https:\/\/staging-1.sunfun.si\/index.php\/wp-json\/wp\/v2\/pages\/15719","targetHints":{"allow":["GET"]}}],"collection":[{"href":"https:\/\/staging-1.sunfun.si\/index.php\/wp-json\/wp\/v2\/pages"}],"about":[{"href":"https:\/\/staging-1.sunfun.si\/index.php\/wp-json\/wp\/v2\/types\/page"}],"author":[{"embeddable":true,"href":"https:\/\/staging-1.sunfun.si\/index.php\/wp-json\/wp\/v2\/users\/1"}],"replies":[{"embeddable":true,"href":"https:\/\/staging-1.sunfun.si\/index.php\/wp-json\/wp\/v2\/comments?post=15719"}],"version-history":[{"count":5,"href":"https:\/\/staging-1.sunfun.si\/index.php\/wp-json\/wp\/v2\/pages\/15719\/revisions"}],"predecessor-version":[{"id":15739,"href":"https:\/\/staging-1.sunfun.si\/index.php\/wp-json\/wp\/v2\/pages\/15719\/revisions\/15739"}],"wp:attachment":[{"href":"https:\/\/staging-1.sunfun.si\/index.php\/wp-json\/wp\/v2\/media?parent=15719"}],"curies":[{"name":"wp","href":"https:\/\/api.w.org\/{rel}","templated":true}]}}